{"id":77,"date":"2020-12-05T01:04:44","date_gmt":"2020-12-05T01:04:44","guid":{"rendered":"https:\/\/testvcla.cac.cornell.edu\/?page_id=77"},"modified":"2021-01-06T03:42:11","modified_gmt":"2021-01-06T03:42:11","slug":"interested","status":"publish","type":"page","link":"https:\/\/testvcla.cac.cornell.edu\/es\/interested\/","title":{"rendered":"Interesados?"},"content":{"rendered":"<div id=\"_mcePaste\" style=\"position: absolute; left: -10000px; top: 0px; width: 1px; height: 1px; overflow-x: hidden; overflow-y: hidden;\">Interesados en obtener m\u00e1s informaci\u00f3n o materiales?<\/div>\n<div id=\"_mcePaste\" style=\"position: absolute; left: -10000px; top: 0px; width: 1px; height: 1px; overflow-x: hidden; overflow-y: hidden;\">Cont\u00e1ctenos en clal@cornell.edu<\/div>\n<p>Interesados en obtener m\u00e1s informaci\u00f3n o materiales?<\/p>\n<p>Cont\u00e1ctenos en clal@cornell.edu<\/p>\n","protected":false},"excerpt":{"rendered":"<p>Interesados en obtener m\u00e1s informaci\u00f3n o materiales? Cont\u00e1ctenos en clal@cornell.edu Interesados en obtener m\u00e1s informaci\u00f3n o materiales? Cont\u00e1ctenos en clal@cornell.edu<\/p>\n","protected":false},"author":3,"featured_media":0,"parent":0,"menu_order":0,"comment_status":"closed","ping_status":"closed","template":"","meta":[],"translation":{"provider":"WPGlobus","version":"2.5.23","language":"es","enabled_languages":["en","es"],"languages":{"en":{"title":true,"content":true,"excerpt":false},"es":{"title":true,"content":true,"excerpt":false}}},"_links":{"self":[{"href":"https:\/\/testvcla.cac.cornell.edu\/es\/wp-json\/wp\/v2\/pages\/77"}],"collection":[{"href":"https:\/\/testvcla.cac.cornell.edu\/es\/wp-json\/wp\/v2\/pages"}],"about":[{"href":"https:\/\/testvcla.cac.cornell.edu\/es\/wp-json\/wp\/v2\/types\/page"}],"author":[{"embeddable":true,"href":"https:\/\/testvcla.cac.cornell.edu\/es\/wp-json\/wp\/v2\/users\/3"}],"replies":[{"embeddable":true,"href":"https:\/\/testvcla.cac.cornell.edu\/es\/wp-json\/wp\/v2\/comments?post=77"}],"version-history":[{"count":7,"href":"https:\/\/testvcla.cac.cornell.edu\/es\/wp-json\/wp\/v2\/pages\/77\/revisions"}],"predecessor-version":[{"id":538,"href":"https:\/\/testvcla.cac.cornell.edu\/es\/wp-json\/wp\/v2\/pages\/77\/revisions\/538"}],"wp:attachment":[{"href":"https:\/\/testvcla.cac.cornell.edu\/es\/wp-json\/wp\/v2\/media?parent=77"}],"curies":[{"name":"wp","href":"https:\/\/api.w.org\/{rel}","templated":true}]}}