{"id":73,"date":"2020-12-05T01:04:18","date_gmt":"2020-12-05T01:04:18","guid":{"rendered":"https:\/\/testvcla.cac.cornell.edu\/?page_id=73"},"modified":"2021-01-06T00:45:35","modified_gmt":"2021-01-06T00:45:35","slug":"words-of-the-worlds-children","status":"publish","type":"page","link":"https:\/\/testvcla.cac.cornell.edu\/es\/library-materials\/words-of-the-worlds-children\/","title":{"rendered":"Las Palabras de los Ni\u00f1os del Mundo."},"content":{"rendered":"<h2>Las Palabras de los Ni\u00f1os del Mundo.<\/h2>\n<p><a href=\"https:\/\/rmc.library.cornell.edu\/EAD\/htmldocs\/RMM08525.html\">https:\/\/rmc.library.cornell.edu\/EAD\/htmldocs\/RMM08525.html<\/a><\/p>\n<p>&nbsp;<\/p>\n<p><strong>Descripci\u00f3n de la colecci\u00f3n.<\/strong><\/p>\n<p>Esta colecci\u00f3n incluye datos de investigaci\u00f3n y sus materiales asociados, de casi 40 a\u00f1os de estudio de adquisici\u00f3n del lenguaje, creados por Cornell Language Acquisition Lab (Laboratorio de Adquisici\u00f3n del Lenguaje de Cornel) y por el Centro Virtual para la Investigaci\u00f3n en Adquisici\u00f3n del Lenguaje (Virtual Center for Language Acquisition Research,\u00a0<a title=\"www.clal.cornell.edu\/vcla\" href=\"http:\/\/www.clal.cornell.edu\/vcla\">www.clal.cornell.edu\/vcla<\/a>). Datos de investigaci\u00f3n recolectados en todo el mundo de numerosos idiomas: El ingl\u00e9s, el cingal\u00e9s, el japon\u00e9s, el chino (mandar\u00edn), el hindi y el \u00e1rabe, est\u00e1n representados a trav\u00e9s de una serie de estudios experimentales y de habla natural con ni\u00f1os de 2 a 8 a\u00f1os de edad que elicitan la producci\u00f3n y comprensi\u00f3n del habla. La investigaci\u00f3n posterior incluye: el espa\u00f1ol, el coreano, el alem\u00e1n, el holand\u00e9s, el tulu, el inuktitut, el franc\u00e9s, el t\u00e1mil y el malabar. Los datos adicionales que est\u00e1n relacionados a la adquisici\u00f3n multiling\u00fce de idiomas incluyen: datos de ni\u00f1os biling\u00fces vasco-espa\u00f1ol, hebreo-ingl\u00e9s y coreano-ingl\u00e9s, as\u00ed como datos de la segunda lengua (ingl\u00e9s) en adultos que incluyen indonesio, italiano y chino y un estudio comparativo de la adquisici\u00f3n de ingl\u00e9s en espa\u00f1ol y japon\u00e9s.<\/p>\n<p>Gran parte de estos datos del lenguaje se derivan de dise\u00f1os experimentales coincidentes que permiten una comparaci\u00f3n \u00fanica entre los idiomas a lo largo del curso de desarrollo de la adquisici\u00f3n del lenguaje, con los ni\u00f1os agrupados por edad. Los datos de investigaci\u00f3n incluyen archivos de audio, as\u00ed como metadatos sobre cada sujeto, transcripciones y traducciones de todos los idiomas, complementados por registros de laboratorio sobre los m\u00e9todos experimentales utilizados en cada estudio que permiten su r\u00e9plica en futuros estudios.\u00a0Los datos de adquisici\u00f3n de los ni\u00f1os multiling\u00fces est\u00e1n respaldados por grabaciones de video para varios estudios de caso longitudinales.<\/p>\n<p>Los datos y materiales de investigaci\u00f3n se complementan con materiales de curso archivados para apoyar cursos iniciales de adquisici\u00f3n del lenguaje y adquisici\u00f3n multiling\u00fce, y para ense\u00f1ar m\u00e9todos de laboratorio para el estudio de la adquisici\u00f3n del lenguaje. (HD \/ COGSt \/ Ling \/ Psych 436, 437, 437, 450 4710). Los materiales del curso incluyen m\u00f3dulos de video que presentan m\u00e9todos para obtener datos de producci\u00f3n y comprensi\u00f3n del lenguaje de ni\u00f1os bajo m\u00e9todos de investigaci\u00f3n cient\u00edfica. Ejemplifican varios estudios experimentales que han sido publicados como resultado de tales m\u00e9todos.<\/p>\n<p>Adem\u00e1s, la colecci\u00f3n incluye materiales de curso para el estudio del psic\u00f3logo cognitivo, Jean Piaget, y el &#8220;Crecimiento de la mente&#8221;.<\/p>\n<p>Todos los datos y materiales han sido recopilados por una serie de investigadores o grupos de investigadores interdisciplinarios, cada uno generalmente experto en un idioma u otro, que son los directores de los conjuntos de datos espec\u00edficos que han recopilado y analizado.<\/p>\n<ul>\n<li>Mar\u00eda Blume, espa\u00f1ol<\/li>\n<li>Jennifer Austin, biling\u00fcismo espa\u00f1ol-euskera<\/li>\n<li>Yuchin Chien, chino<\/li>\n<li>Claire Foley y Cristina Dye, franc\u00e9s<\/li>\n<li>Katharina Boser, alem\u00e1n<\/li>\n<li>Shamitha Somashekar, tulu e hindi<\/li>\n<li>Tatsuko Wakayama y Reiki Mazuka, japon\u00e9s<\/li>\n<li>Yarden Kedar, hebreo<\/li>\n<li>James W. Gair, (in memorium), cingal\u00e9s (with Milan Rodrigo, Kalyani Karunatillake y John Rogers)<\/li>\n<li>David Parkinson, inuktitut<\/li>\n<li>Isabelle Barri\u00e8r, holand\u00e9s<\/li>\n<li>Suzanne Flynn, ingl\u00e9s y biling\u00fcismo<\/li>\n<li>Gita Martohardjono, biling\u00fcismo en adultos<\/li>\n<li>Carissa Kang, biling\u00fcismo en ni\u00f1os (chino-malayo-ingl\u00e9s)<\/li>\n<li>Alicia (Ah-Young) Kim, biling\u00fcismo en ni\u00f1os, coreano<\/li>\n<\/ul>\n<p>&nbsp;<\/p>\n<p>La investigaci\u00f3n ha sido financiada por una serie de becas de NSF: NSF7825115, y becas de tesis de doctorado para Reiko Mazuka y David Parkinson. El desarrollo de una infraestructura cibern\u00e9tica para la recopilaci\u00f3n, preservaci\u00f3n y archivo de datos de investigaci\u00f3n ha sido financiado por NSFOCI-0753415 a Mar\u00eda Blume y Barbara Lust, NSF 0437603 a Janet McCue (Biblioteca Mann) y Barbara Lust, y una Beca de Planificaci\u00f3n para el VCLA a Barbara Lust NSF BCS 0126546. Un curso abierto en adquisici\u00f3n multiling\u00fce ha sido financiado por la Beca P del Preboste de la Universidad de Cornell:\u00a0<a href=\"https:\/\/edge.edx.org\/courses\/CornellX\/CLAL1000-2x\/Fall_2014\/about\">https:\/\/edge.edx.org\/courses\/CornellX\/CLAL1000-2x\/Fall_2014\/about<\/a>.<\/p>\n<p>Los materiales del curso se han reunido en un Laboratorio Ling\u00fc\u00edstico Virtual (VLL) a trav\u00e9s de un portal web:\u00a0<a title=\"https:\/\/vcla.clal.cornell.edu\/en\/vll\" href=\"https:\/\/vcla.clal.cornell.edu\/en\/vll\">https:\/\/vcla.clal.cornell.edu\/en\/vll<\/a>. Los datos y metadatos de investigaci\u00f3n ahora se est\u00e1n digitalizando gradualmente e integrando en una infraestructura cibern\u00e9tica para la investigaci\u00f3n compartida y colaborativa, a trav\u00e9s de una nueva ciberherramienta, una herramienta de an\u00e1lisis y transcripci\u00f3n de datos (DTA), vinculada al VLL.\u00a0(Ver Blume y Lust, 2017, Research Methods in Language Acquisition, de Gruyter; Pareja Lora, Blume y Lust (Eds), en prensa, Linked Open Data in Linguistics, MIT Press.)<\/p>\n","protected":false},"excerpt":{"rendered":"<p>Las Palabras de los Ni\u00f1os del Mundo. https:\/\/rmc.library.cornell.edu\/EAD\/htmldocs\/RMM08525.html &nbsp; Descripci\u00f3n de la colecci\u00f3n. Esta colecci\u00f3n incluye datos de investigaci\u00f3n y sus materiales asociados, de casi 40 a\u00f1os de estudio de adquisici\u00f3n del lenguaje, creados por Cornell Language Acquisition Lab (Laboratorio de Adquisici\u00f3n del Lenguaje de Cornel) y por el Centro Virtual para la Investigaci\u00f3n en [&hellip;]<\/p>\n","protected":false},"author":3,"featured_media":0,"parent":71,"menu_order":0,"comment_status":"closed","ping_status":"closed","template":"","meta":[],"translation":{"provider":"WPGlobus","version":"2.5.23","language":"es","enabled_languages":["en","es"],"languages":{"en":{"title":true,"content":true,"excerpt":false},"es":{"title":true,"content":true,"excerpt":false}}},"_links":{"self":[{"href":"https:\/\/testvcla.cac.cornell.edu\/es\/wp-json\/wp\/v2\/pages\/73"}],"collection":[{"href":"https:\/\/testvcla.cac.cornell.edu\/es\/wp-json\/wp\/v2\/pages"}],"about":[{"href":"https:\/\/testvcla.cac.cornell.edu\/es\/wp-json\/wp\/v2\/types\/page"}],"author":[{"embeddable":true,"href":"https:\/\/testvcla.cac.cornell.edu\/es\/wp-json\/wp\/v2\/users\/3"}],"replies":[{"embeddable":true,"href":"https:\/\/testvcla.cac.cornell.edu\/es\/wp-json\/wp\/v2\/comments?post=73"}],"version-history":[{"count":7,"href":"https:\/\/testvcla.cac.cornell.edu\/es\/wp-json\/wp\/v2\/pages\/73\/revisions"}],"predecessor-version":[{"id":434,"href":"https:\/\/testvcla.cac.cornell.edu\/es\/wp-json\/wp\/v2\/pages\/73\/revisions\/434"}],"up":[{"embeddable":true,"href":"https:\/\/testvcla.cac.cornell.edu\/es\/wp-json\/wp\/v2\/pages\/71"}],"wp:attachment":[{"href":"https:\/\/testvcla.cac.cornell.edu\/es\/wp-json\/wp\/v2\/media?parent=73"}],"curies":[{"name":"wp","href":"https:\/\/api.w.org\/{rel}","templated":true}]}}