{"id":51,"date":"2020-12-05T00:29:09","date_gmt":"2020-12-05T00:29:09","guid":{"rendered":"https:\/\/testvcla.cac.cornell.edu\/?page_id=51"},"modified":"2021-01-06T00:51:17","modified_gmt":"2021-01-06T00:51:17","slug":"archived-video-learning-modules","status":"publish","type":"page","link":"https:\/\/testvcla.cac.cornell.edu\/es\/the-vll\/archived-video-learning-modules\/","title":{"rendered":"Aprendizaje de las Palabras: El Fen\u00f3meno de la Sobreextensi\u00f3n"},"content":{"rendered":"<h2>Aprendizaje de las Palabras: El Fen\u00f3meno de la Sobreextensi\u00f3n<br \/>\n<em>Todo el contenido de video es propiedad de Cornell Language Acquisition Lab y Sinhamedia.<\/em><\/h2>\n<p><strong>Doggies and Apples<\/strong><iframe src=\"https:\/\/www.youtube.com\/embed\/PiwfLknHcqU\" width=\"560\" height=\"315\" frameborder=\"0\" allowfullscreen=\"allowfullscreen\" data-mce-fragment=\"1\"><\/iframe><\/p>\n<p><strong>Doggie Days<\/strong><iframe src=\"https:\/\/www.youtube.com\/embed\/vEmUgFhw730\" width=\"560\" height=\"315\" frameborder=\"0\" allowfullscreen=\"allowfullscreen\" data-mce-fragment=\"1\"><\/iframe><\/p>\n<p><strong>The Apple of his Eye<\/strong><iframe src=\"https:\/\/www.youtube.com\/embed\/JAQD2xPuYdI\" width=\"560\" height=\"315\" frameborder=\"0\" allowfullscreen=\"allowfullscreen\" data-mce-fragment=\"1\"><\/iframe><\/p>\n<p><strong>I&#8217;ll Say It My Way<\/strong><iframe src=\"https:\/\/www.youtube.com\/embed\/gBeSeYipZJs\" width=\"560\" height=\"315\" frameborder=\"0\" allowfullscreen=\"allowfullscreen\" data-mce-fragment=\"1\"><\/iframe><\/p>\n<p><strong>Going for Broke<\/strong><iframe src=\"https:\/\/www.youtube.com\/embed\/nPglPAw8GDY\" width=\"560\" height=\"315\" frameborder=\"0\" allowfullscreen=\"allowfullscreen\" data-mce-fragment=\"1\"><\/iframe><\/p>\n<p><strong>I Know it&#8217;s a Pumpkin<\/strong><iframe src=\"https:\/\/www.youtube.com\/embed\/xUzZ-WAXq70\" width=\"560\" height=\"315\" frameborder=\"0\" allowfullscreen=\"allowfullscreen\" data-mce-fragment=\"1\"><\/iframe><\/p>\n<p><strong>I See Me<\/strong><iframe src=\"https:\/\/www.youtube.com\/embed\/wb2sj4QhU5I\" width=\"560\" height=\"315\" frameborder=\"0\" allowfullscreen=\"allowfullscreen\" data-mce-fragment=\"1\"><\/iframe><\/p>\n","protected":false},"excerpt":{"rendered":"<p>Aprendizaje de las Palabras: El Fen\u00f3meno de la Sobreextensi\u00f3n Todo el contenido de video es propiedad de Cornell Language Acquisition Lab y Sinhamedia. Doggies and Apples Doggie Days The Apple of his Eye I&#8217;ll Say It My Way Going for Broke I Know it&#8217;s a Pumpkin I See Me<\/p>\n","protected":false},"author":3,"featured_media":0,"parent":41,"menu_order":0,"comment_status":"closed","ping_status":"closed","template":"","meta":[],"translation":{"provider":"WPGlobus","version":"2.5.23","language":"es","enabled_languages":["en","es"],"languages":{"en":{"title":true,"content":true,"excerpt":false},"es":{"title":true,"content":true,"excerpt":false}}},"_links":{"self":[{"href":"https:\/\/testvcla.cac.cornell.edu\/es\/wp-json\/wp\/v2\/pages\/51"}],"collection":[{"href":"https:\/\/testvcla.cac.cornell.edu\/es\/wp-json\/wp\/v2\/pages"}],"about":[{"href":"https:\/\/testvcla.cac.cornell.edu\/es\/wp-json\/wp\/v2\/types\/page"}],"author":[{"embeddable":true,"href":"https:\/\/testvcla.cac.cornell.edu\/es\/wp-json\/wp\/v2\/users\/3"}],"replies":[{"embeddable":true,"href":"https:\/\/testvcla.cac.cornell.edu\/es\/wp-json\/wp\/v2\/comments?post=51"}],"version-history":[{"count":7,"href":"https:\/\/testvcla.cac.cornell.edu\/es\/wp-json\/wp\/v2\/pages\/51\/revisions"}],"predecessor-version":[{"id":784,"href":"https:\/\/testvcla.cac.cornell.edu\/es\/wp-json\/wp\/v2\/pages\/51\/revisions\/784"}],"up":[{"embeddable":true,"href":"https:\/\/testvcla.cac.cornell.edu\/es\/wp-json\/wp\/v2\/pages\/41"}],"wp:attachment":[{"href":"https:\/\/testvcla.cac.cornell.edu\/es\/wp-json\/wp\/v2\/media?parent=51"}],"curies":[{"name":"wp","href":"https:\/\/api.w.org\/{rel}","templated":true}]}}