{"id":47,"date":"2020-12-05T00:27:08","date_gmt":"2020-12-05T00:27:08","guid":{"rendered":"https:\/\/testvcla.cac.cornell.edu\/?page_id=47"},"modified":"2023-06-06T14:27:00","modified_gmt":"2023-06-06T14:27:00","slug":"research-methods-manual","status":"publish","type":"page","link":"https:\/\/testvcla.cac.cornell.edu\/es\/the-vll\/research-methods-manual\/","title":{"rendered":"M\u00e9todos de Investigaci\u00f3n en Adquisici\u00f3n del Lenguaje"},"content":{"rendered":"<p>&nbsp;<\/p>\n<p style=\"padding-bottom: 15px;\"><span style=\"font-size: medium;\"><strong>M\u00e9todos de Investigaci\u00f3n en Adquisici\u00f3n del Lenguaje: Principios, Procedimientos y Pr\u00e1cticas.<br \/>\n(T\u00edtulo original: Research Methods in Language Acquisition: Principles, Procedures, and Practices)<\/strong><\/span><\/p>\n<p><img loading=\"lazy\" style=\"float: left; padding-right: 10px;\" src=\"\/sites\/all\/files\/images\/ResearchMethods.png\" alt=\"Research Methods Manual\" width=\"150\" height=\"221\" \/><\/p>\n<p><strong>Authors:<\/strong> Mar\u00eda Blume and Barbara C. Lust<\/p>\n<p><strong>Publisher:<\/strong> American Psychological Association (APA)<\/p>\n<p><strong>Published:<\/strong> 2017<\/p>\n<p><strong>ISBN:<\/strong> 978-3-11-041522-3<\/p>\n<p><strong>APA Site:<\/strong> https:\/\/www.apa.org\/pubs\/books\/4316174<\/p>\n<p><strong>Supplemental Site:<\/strong> http:\/\/pubs.apa.org\/books\/supp\/blume\/?_ga=1.998898.2130472459.1479745044<\/p>\n<p>&nbsp;<\/p>\n<p><strong>Overview:<\/strong><\/p>\n<div class=\"wysiwyg\">\n<p>The intricate behavioral and cognitive foundations of speech are difficult to measure objectively, making language acquisition research very challenging. The audible components of speech, however, are quantifiable and thus provide crucial data.<\/p>\n<p>This practical guide synthesizes decades of experience into a comprehensive set of tools that will help students and early career researchers design and conduct rigorous studies that produce reliable and valid speech data and interpretations.<\/p>\n<p>Blume and Lust thoroughly review specific techniques for obtaining qualitative and quantitative speech data, including how to tailor the testing environments for optimal results. They explore observational tasks for collecting natural speech and experimental tasks for eliciting specific types of speech.<\/p>\n<p>Language comprehension tasks are also reviewed so researchers can study participants&#8217; interpretations of speech and conceptualizations of grammar. Most tasks are oriented towards children, but special considerations for infants are also reviewed, as well as multilingual children.<\/p>\n<p>The authors also provide strategies for transcribing and coding raw speech data into reliable data sets that can be scientifically analyzed. Furthermore, they investigate the intricacies of interpretation so that researchers can make empirically sound inferences from their data and avoid common pitfalls that can lead to unscientific conclusions.<\/p>\n<p><em><span style=\"font-size: xx-small;\">Overview from <a href=\"https:\/\/www.apa.org\/pubs\/books\/4316174\">https:\/\/www.apa.org\/pubs\/books\/4316174<\/a><\/span><\/em><\/p>\n<\/div>\n","protected":false},"excerpt":{"rendered":"<p>&nbsp; M\u00e9todos de Investigaci\u00f3n en Adquisici\u00f3n del Lenguaje: Principios, Procedimientos y Pr\u00e1cticas. (T\u00edtulo original: Research Methods in Language Acquisition: Principles, Procedures, and Practices) Authors: Mar\u00eda Blume and Barbara C. Lust Publisher: American Psychological Association (APA) Published: 2017 ISBN: 978-3-11-041522-3 APA Site: https:\/\/www.apa.org\/pubs\/books\/4316174 Supplemental Site: http:\/\/pubs.apa.org\/books\/supp\/blume\/?_ga=1.998898.2130472459.1479745044 &nbsp; Overview: The intricate behavioral and cognitive foundations of speech [&hellip;]<\/p>\n","protected":false},"author":3,"featured_media":0,"parent":41,"menu_order":0,"comment_status":"closed","ping_status":"closed","template":"","meta":[],"translation":{"provider":"WPGlobus","version":"2.5.23","language":"es","enabled_languages":["en","es"],"languages":{"en":{"title":true,"content":true,"excerpt":false},"es":{"title":true,"content":true,"excerpt":false}}},"_links":{"self":[{"href":"https:\/\/testvcla.cac.cornell.edu\/es\/wp-json\/wp\/v2\/pages\/47"}],"collection":[{"href":"https:\/\/testvcla.cac.cornell.edu\/es\/wp-json\/wp\/v2\/pages"}],"about":[{"href":"https:\/\/testvcla.cac.cornell.edu\/es\/wp-json\/wp\/v2\/types\/page"}],"author":[{"embeddable":true,"href":"https:\/\/testvcla.cac.cornell.edu\/es\/wp-json\/wp\/v2\/users\/3"}],"replies":[{"embeddable":true,"href":"https:\/\/testvcla.cac.cornell.edu\/es\/wp-json\/wp\/v2\/comments?post=47"}],"version-history":[{"count":7,"href":"https:\/\/testvcla.cac.cornell.edu\/es\/wp-json\/wp\/v2\/pages\/47\/revisions"}],"predecessor-version":[{"id":830,"href":"https:\/\/testvcla.cac.cornell.edu\/es\/wp-json\/wp\/v2\/pages\/47\/revisions\/830"}],"up":[{"embeddable":true,"href":"https:\/\/testvcla.cac.cornell.edu\/es\/wp-json\/wp\/v2\/pages\/41"}],"wp:attachment":[{"href":"https:\/\/testvcla.cac.cornell.edu\/es\/wp-json\/wp\/v2\/media?parent=47"}],"curies":[{"name":"wp","href":"https:\/\/api.w.org\/{rel}","templated":true}]}}