{"id":45,"date":"2020-12-05T00:26:36","date_gmt":"2020-12-05T00:26:36","guid":{"rendered":"https:\/\/testvcla.cac.cornell.edu\/?page_id=45"},"modified":"2023-05-08T17:21:03","modified_gmt":"2023-05-08T17:21:03","slug":"experiment-bank","status":"publish","type":"page","link":"https:\/\/testvcla.cac.cornell.edu\/es\/the-vll\/experiment-bank\/","title":{"rendered":"El Banco de Experimentos"},"content":{"rendered":"<h2><strong>El Banco de Experimentos<\/strong><\/h2>\n<p>El banco de experimentos provee al usuario de una colecci\u00f3n de materiales relacionada a estudios de investigaci\u00f3n pasados y en curso. Cada estudio representado en el banco sigue una estructura com\u00fan para garantizar la completa descripci\u00f3n de los proyectos de investigaci\u00f3n. Los experimentos archivados en \u00e9l incluyen una descripci\u00f3n completa de los objetivos y m\u00e9todos de una investigaci\u00f3n en curso o ya terminada, que incluye los datos, cuando est\u00e1n disponibles, de los experimentos realizados. Los experimentos, por lo tanto, pueden ser tanto compartidos como replicados o desarrollados en otro lugar en otro momento, potencialmente en otra lengua.<\/p>\n<p>Este material ahora ha sido integrado en su mayor\u00eda en la herramienta DTA.<\/p>\n<p>&nbsp;<\/p>\n<p>Ejemplos incluidos en el <strong>Estudio de Cl\u00e1usulas\u00a0Relativas:<\/strong><\/p>\n<p><a class=\"doc\" title=\"Relative Clause Study - Part 1\" href=\"\/sites\/all\/files\/documents\/RelativeClauseExpBankPart1.doc\" target=\"_blank\" rel=\"noopener\">Relative Clause Study (in Children) &#8211; Part 1<\/a><\/p>\n<p><a class=\"doc\" title=\"Relative Clause Study - Part 2\" href=\"\/sites\/all\/files\/documents\/Relative ClauseExpBnkYC111106PartTwo.doc\" target=\"_blank\" rel=\"noopener\">Relative Clause Study (in Children) &#8211; Part 2<\/a><\/p>\n<p>&nbsp;<\/p>\n<p><a class=\"doc\" title=\"Relative Clause Study (in Adults)\" href=\"\/sites\/all\/files\/documents\/RC_Adult.docx\" target=\"_blank\" rel=\"noopener\">Relative Clause Study (in Adults)<\/a><\/p>\n<p><a class=\"doc\" title=\"RC Factorial Tables\" href=\"\/sites\/all\/files\/documents\/RC_Factorial_tables.docx\" target=\"_blank\" rel=\"noopener\">RC Factorial Tables<\/a><\/p>\n<p><a class=\"doc\" title=\"RC Scoring Guide\" href=\"\/sites\/all\/files\/documents\/Updated_RC_Scoring_Guide.doc\" target=\"_blank\" rel=\"noopener\">RC Scoring Guide<\/a><\/p>\n<p>&nbsp;<\/p>\n<p><a class=\"doc\" title=\"RC +SEM Battery A\" href=\"\/sites\/all\/files\/documents\/RC+SEM_A.docx\" target=\"_blank\" rel=\"noopener\">RC +SEM Battery A<\/a><\/p>\n<p><a class=\"doc\" title=\"RC +SEM Battery B\" href=\"https:\/\/vcla.clal.cornell.edu\/sites\/all\/files\/documents\/RC+SEM_B.docx\" target=\"_blank\" rel=\"noopener\">RC +SEM Battery B<\/a><\/p>\n<p><a class=\"doc\" title=\"RC -SEM Battery A\" href=\"https:\/\/vcla.clal.cornell.edu\/sites\/all\/files\/documents\/RC-SEM_A.docx\" target=\"_blank\" rel=\"noopener\">RC -SEM Battery A<\/a><\/p>\n<p><a class=\"doc\" title=\"RC -SEM Battery B\" href=\"https:\/\/vcla.clal.cornell.edu\/sites\/all\/files\/documents\/RC-SEM_B.docx\" target=\"_blank\" rel=\"noopener\">RC -SEM Battery B<br \/>\n<\/a><\/p>\n<p>&nbsp;<\/p>\n<p>Y al <strong>Estudio de la Adquisici\u00f3n de la Inversi\u00f3n:<\/strong><\/p>\n<p><a class=\"pdf\" title=\"Inversion Study\" href=\"\/sites\/all\/files\/documents\/Inversion ExperBank3_337_07.pdf\" target=\"_blank\" rel=\"noopener\">Acquisition of Inversion Study<\/a><\/p>\n","protected":false},"excerpt":{"rendered":"<p>El Banco de Experimentos El banco de experimentos provee al usuario de una colecci\u00f3n de materiales relacionada a estudios de investigaci\u00f3n pasados y en curso. Cada estudio representado en el banco sigue una estructura com\u00fan para garantizar la completa descripci\u00f3n de los proyectos de investigaci\u00f3n. Los experimentos archivados en \u00e9l incluyen una descripci\u00f3n completa de [&hellip;]<\/p>\n","protected":false},"author":3,"featured_media":0,"parent":41,"menu_order":0,"comment_status":"closed","ping_status":"closed","template":"","meta":[],"translation":{"provider":"WPGlobus","version":"2.5.23","language":"es","enabled_languages":["en","es"],"languages":{"en":{"title":true,"content":true,"excerpt":false},"es":{"title":true,"content":true,"excerpt":false}}},"_links":{"self":[{"href":"https:\/\/testvcla.cac.cornell.edu\/es\/wp-json\/wp\/v2\/pages\/45"}],"collection":[{"href":"https:\/\/testvcla.cac.cornell.edu\/es\/wp-json\/wp\/v2\/pages"}],"about":[{"href":"https:\/\/testvcla.cac.cornell.edu\/es\/wp-json\/wp\/v2\/types\/page"}],"author":[{"embeddable":true,"href":"https:\/\/testvcla.cac.cornell.edu\/es\/wp-json\/wp\/v2\/users\/3"}],"replies":[{"embeddable":true,"href":"https:\/\/testvcla.cac.cornell.edu\/es\/wp-json\/wp\/v2\/comments?post=45"}],"version-history":[{"count":11,"href":"https:\/\/testvcla.cac.cornell.edu\/es\/wp-json\/wp\/v2\/pages\/45\/revisions"}],"predecessor-version":[{"id":690,"href":"https:\/\/testvcla.cac.cornell.edu\/es\/wp-json\/wp\/v2\/pages\/45\/revisions\/690"}],"up":[{"embeddable":true,"href":"https:\/\/testvcla.cac.cornell.edu\/es\/wp-json\/wp\/v2\/pages\/41"}],"wp:attachment":[{"href":"https:\/\/testvcla.cac.cornell.edu\/es\/wp-json\/wp\/v2\/media?parent=45"}],"curies":[{"name":"wp","href":"https:\/\/api.w.org\/{rel}","templated":true}]}}