{"id":43,"date":"2020-12-05T00:26:19","date_gmt":"2020-12-05T00:26:19","guid":{"rendered":"https:\/\/testvcla.cac.cornell.edu\/?page_id=43"},"modified":"2023-06-06T14:26:43","modified_gmt":"2023-06-06T14:26:43","slug":"the-dta","status":"publish","type":"page","link":"https:\/\/testvcla.cac.cornell.edu\/es\/the-vll\/the-dta\/","title":{"rendered":"Introducci\u00f3n a la Herramienta de Transcripci\u00f3n y An\u00e1lisis de Datos"},"content":{"rendered":"<div id=\"main\">\n<div class=\"content\">\n<div id=\"node-177\" class=\"node node-page\">\n<p>La herramienta\u00a0<em>DTA<\/em>\u00a0basada en la red es un componente central del Laboratoro Virtual de Ling\u00fc\u00edstica desarrollado en el Centro Virtual para la Adquisici\u00f3n del Lenguaje (Virtual Center for Language Acquisition, VCLA)<\/p>\n<h3>Prop\u00f3sito del\u00a0<em>DTA<\/em><\/h3>\n<p>La herramienta\u00a0<em>DTA<\/em>\u00a0provee una infraestructura para la creaci\u00f3n de datos de investigaci\u00f3n de fuentes primarias, y para el manejo y \u00a0el uso compartido de datos entre fuentes distibuidas. Por lo tanto, provee una base para la investigaci\u00f3n colaborativa cient\u00edficamente confiable y replicable. Al mismo tiempo, provee de material para los estudiantes a partir del cual pueden aprender los principios de la recolecci\u00f3n, el manejo y el an\u00e1lisis de datos y la colaboraci\u00f3n a partir de datos compartidos.<\/p>\n<p>&nbsp;<\/p>\n<p><strong>\u00bfQu\u00e9 es la herramienta\u00a0<em>DTA<\/em>?<\/strong><\/p>\n<p>La herramienta estructura la creaci\u00f3n de datos de investigaci\u00f3n a trav\u00e9s de una serie de etapas, empezando con la descripci\u00f3n de las propiedades esenciales del experimento o corpus que guiaron la recolecci\u00f3n, siguiendo con los metadatos que describen al sujeto o hablante que se est\u00e1 estudiando, y la sesi\u00f3n grabada en audio o video. Una serie de campos luego gu\u00edan al usuario a trav\u00e9s de la transcripci\u00f3n sistem\u00e1tica de enunciados ling\u00fc\u00edsticos individuales y su contexto, seguidos por una serie de codificaciones que forman la base del an\u00e1lisis de los datos. Esto permite una b\u00fasqueda ilimitada de las entradas de datos calibrados.<\/p>\n<p>La Herramienta de Transcripci\u00f3n y An\u00e1lisis de Datos del Laboratorio Virtual de Ling\u00fc\u00edstica usa un modelo de datos relacional sofisticado dise\u00f1ado para estructurar, organizar, manipular y analizar datos ling\u00fc\u00edsticos; fue llevado a cabo por Gorges de Ithaca.<\/p>\n<p>Al mismo tiempo, la herramienta\u00a0<em>DTA<\/em>\u00a0provee una herramienta \u00a0simple, f\u00e1cil de usar con una intefaz gr\u00e1fica de usuario para estandarizar y estructurar los procedimientos necesarios para recolectar, almacenar, codifica, y analizar patrones ling\u00fc\u00edsticos. Esta dise\u00f1ada para ser aplicable en cualquier lenguas.<\/p>\n<p>La herramienta\u00a0<em>DTA<\/em>\u00a0est\u00e1 basada en un marco conceptual y te\u00f3rico derivado de la ling\u00fc\u00edstica y la psicolog\u00eda y que permite un estudio riguroso del lenguaje de una manera cient\u00edfica \u00a0y altamente cient\u00edfica. Sin embargo, para las etapas iniciales de la entrada de datos, el\u00a0<em>DTA<\/em>\u00a0presupone solo una cantidad m\u00ednima de conocimiento previo de la ling\u00fc\u00edstica y las ciencias del lenguaje.<\/p>\n<p>La herramienta\u00a0<em>DTA\u00a0<\/em>(junto con el \u00a0Manual de M\u00e9todos de Investigaci\u00f3n del\u00a0<em>VCLA\u00a0<\/em>y el\u00a0<em>VLL<\/em>) estandariza los procedimientos relacionados a la codificaci\u00f3n de datos ling\u00fc\u00edsticos. As\u00ed la herramienta\u00a0<em>DTA\u00a0<\/em>facilita \u2013para el investigador o el estudiante\u2013 la calibraci\u00f3n de datos de diferentes lenguas, diferentes situaciones de recolecci\u00f3n de datos y diferentes sesiones, as\u00ed como de diferentes investigadores. Asegura la replicabilidad y la fiabilidad de los m\u00e9todos de recolecci\u00f3n de datos y del an\u00e1lisis de datos.<\/p>\n<p>&nbsp;<\/p>\n<p>Actualmente la herramienta\u00a0<em>DTA<\/em>\u00a0alberga datos del lenguaje provenientes de varias lenguas, v.g., ni\u00f1os, adultos, biling\u00fces, de demencia en los adultos, en varias formas.<\/p>\n<p>&nbsp;<\/p>\n<h3>Uso del\u00a0<em>DTA<\/em><\/h3>\n<p>La herramienta\u00a0<em>DTA\u00a0<\/em>est\u00e1 protegida por una clave de acceso. Cualquiera que desee acceder a los datos del\u00a0<em>DTA<\/em>\u00a0o que quiera usar la herramienta para su propio proyecto debe contactar a las Profesoras\u00a0<a href=\"mailto:mblume@pucp.pe\">Mar\u00eda Blume<\/a>\u00a0o\u00a0<a href=\"mailto:bcl4@cornell.edu\">Barbara Lust<\/a>\u00a0para solicitar acceso y uso. Si su solicitud de acceso es concedida, recibir\u00e1 un mensaje de correo electr\u00f3nico con instrucciones de c\u00f3mo establecer su cuenta y d\u00f3nde ir para acceder a la interfaz de red del\u00a0<em>DTA<\/em>.<\/p>\n<p>Una vez que tenga acceso, podr\u00e1 usar la herramienta\u00a0<em>DTA<\/em>\u00a0tanto para proyectos en curso como ta terminados, Puede meter datos en la herramienta para su preservaci\u00f3n. Puede acceder a datos en lenguas espec\u00edficas. Tambi\u00e9n puede colaborar con otros usuarios del\u00a0<em>DTA<\/em>\u00a0en proyectos conjuntos; todos los colaboradores con acceso al\u00a0<em>DTA<\/em>\u00a0y a un proyecto en particular pueden a\u00f1adir y modificar datos y metadatos de cualquier lugar del mundo usando la red. El\u00a0<em>DTA<\/em>\u00a0es capaz de albergar proyectos multiling\u00fces y la herramienta facilita el an\u00e1lisis en m\u00faltiples lenguas.<\/p>\n<p>Se espera que los usuarios no solamente accedan a los datos relevantes, sino que adem\u00e1s compartan el uso de datos, v.g., que graben los an\u00e1lisis llevados a cabo en los datos a los que accedieron.<\/p>\n<p>Para saber m\u00e1s sobre el uso de la\u00a0<em>DTA<\/em>, por favor consulte el\u00a0<strong><em>Manual de la Herramienta<\/em><\/strong>\u00a0<strong><em>DTA<\/em><\/strong>, que estar\u00e1 a su disposici\u00f3n cuando se le conceda el acceso al DTA.<\/p>\n<\/div>\n<\/div>\n<\/div>\n<div id=\"secondary\">\n<div id=\"block-menu-primary-links\" class=\"block block-menu\">\n<div class=\"content\">\n<ul class=\"menu\">\n<li class=\"leaf first\"><\/li>\n<\/ul>\n<\/div>\n<\/div>\n<\/div>\n","protected":false},"excerpt":{"rendered":"<p>La herramienta\u00a0DTA\u00a0basada en la red es un componente central del Laboratoro Virtual de Ling\u00fc\u00edstica desarrollado en el Centro Virtual para la Adquisici\u00f3n del Lenguaje (Virtual Center for Language Acquisition, VCLA) Prop\u00f3sito del\u00a0DTA La herramienta\u00a0DTA\u00a0provee una infraestructura para la creaci\u00f3n de datos de investigaci\u00f3n de fuentes primarias, y para el manejo y \u00a0el uso compartido de [&hellip;]<\/p>\n","protected":false},"author":3,"featured_media":0,"parent":41,"menu_order":0,"comment_status":"closed","ping_status":"closed","template":"","meta":[],"translation":{"provider":"WPGlobus","version":"2.5.23","language":"es","enabled_languages":["en","es"],"languages":{"en":{"title":true,"content":true,"excerpt":false},"es":{"title":true,"content":true,"excerpt":false}}},"_links":{"self":[{"href":"https:\/\/testvcla.cac.cornell.edu\/es\/wp-json\/wp\/v2\/pages\/43"}],"collection":[{"href":"https:\/\/testvcla.cac.cornell.edu\/es\/wp-json\/wp\/v2\/pages"}],"about":[{"href":"https:\/\/testvcla.cac.cornell.edu\/es\/wp-json\/wp\/v2\/types\/page"}],"author":[{"embeddable":true,"href":"https:\/\/testvcla.cac.cornell.edu\/es\/wp-json\/wp\/v2\/users\/3"}],"replies":[{"embeddable":true,"href":"https:\/\/testvcla.cac.cornell.edu\/es\/wp-json\/wp\/v2\/comments?post=43"}],"version-history":[{"count":5,"href":"https:\/\/testvcla.cac.cornell.edu\/es\/wp-json\/wp\/v2\/pages\/43\/revisions"}],"predecessor-version":[{"id":796,"href":"https:\/\/testvcla.cac.cornell.edu\/es\/wp-json\/wp\/v2\/pages\/43\/revisions\/796"}],"up":[{"embeddable":true,"href":"https:\/\/testvcla.cac.cornell.edu\/es\/wp-json\/wp\/v2\/pages\/41"}],"wp:attachment":[{"href":"https:\/\/testvcla.cac.cornell.edu\/es\/wp-json\/wp\/v2\/media?parent=43"}],"curies":[{"name":"wp","href":"https:\/\/api.w.org\/{rel}","templated":true}]}}