{"id":41,"date":"2020-12-05T00:23:42","date_gmt":"2020-12-05T00:23:42","guid":{"rendered":"https:\/\/testvcla.cac.cornell.edu\/?page_id=41"},"modified":"2021-01-07T18:24:09","modified_gmt":"2021-01-07T18:24:09","slug":"the-vll","status":"publish","type":"page","link":"https:\/\/testvcla.cac.cornell.edu\/es\/the-vll\/","title":{"rendered":"Laboratorio Virtual de Ling\u00fc\u00edstica"},"content":{"rendered":"<div>\n<p>&nbsp;<\/p>\n<\/div>\n<p><span style=\"font-size: small;\"><strong>Introducci\u00f3n al Laboratorio Virtual de Ling\u00fc\u00edstica<\/strong><\/span><\/p>\n<div id=\"members1\"><span style=\"font-size: small;\">\u00a0El Laboratorio Virtual de Ling\u00fc\u00edstica est\u00e1 formado por un grupo de materiales y herramientas para el estudio de la adquisici\u00f3n del lenguaje y un conjunto de datos compartidos interling\u00fc\u00edsticos. Estos recursos proporcionan los fundamentos para la investigaci\u00f3n en el \u00e1rea de la investigaci\u00f3n de la adquisici\u00f3n de lenguaje al igual que para la ense\u00f1anza en esta \u00e1rea.<\/span><\/div>\n<div class=\"center\">\n<p><span style=\"font-size: small;\">\u00a0<\/span><\/p>\n<p><span style=\"font-size: small;\"><strong>Componentes del\u00a0 Laboratorio Virtual de Ling\u00fc\u00edstica<\/strong><\/span><\/p>\n<\/div>\n<p>&nbsp;<\/p>\n<table class=\"vlltable\" style=\"width: 100%;\" border=\"0\" cellspacing=\"0\" cellpadding=\"20\" align=\"center\">\n<tbody>\n<tr valign=\"top\">\n<td width=\"250\">\n<p class=\"box1\"><span style=\"font-size: small;\">M\u00e9todos de Laboratorio<\/span><\/p>\n<\/td>\n<td>\n<ul>\n<li><span style=\"font-size: small;\"> Manual de M\u00e9todos de Laboratorio <\/span><\/li>\n<\/ul>\n<\/td>\n<\/tr>\n<tr valign=\"top\">\n<td>\n<p class=\"box1\"><span style=\"font-size: small;\">Biblioteca de Datos Comparables<\/span><\/p>\n<\/td>\n<td>\n<ul>\n<li>\n<div><span style=\"font-size: small;\">Biblioteca de las Palabras de los Ni\u00f1os del Mundo\u00a0<\/span><\/div>\n<\/li>\n<li>\n<div><span style=\"font-size: small;\">Datos Audiovisuales<\/span><\/div>\n<\/li>\n<li>\n<div><span style=\"font-size: small;\">Transcripciones<\/span><\/div>\n<\/li>\n<li>\n<div><span style=\"font-size: small;\">Transcripciones Anotadas<\/span><\/div>\n<\/li>\n<\/ul>\n<\/td>\n<\/tr>\n<tr valign=\"top\">\n<td>\n<div class=\"box1\"><span style=\"font-size: small;\">Herramientas Ling\u00fc\u00edsticas<\/span><\/div>\n<\/td>\n<td>\n<ul>\n<li>\n<div><span style=\"font-size: small;\">Biblioteca de Materiales para el\u00a0Estudio de la Adquisici\u00f3n del Lenguaje<\/span><\/div>\n<\/li>\n<li>\n<div><span style=\"font-size: small;\">Recolecci\u00f3n de Datos<\/span><\/div>\n<\/li>\n<li>\n<div><span style=\"font-size: small;\">Transcripci\u00f3n de Datos<\/span><\/div>\n<\/li>\n<li>\n<div><span style=\"font-size: small;\">An\u00e1lisis de Datos<\/span><\/div>\n<\/li>\n<li>\n<div><span style=\"font-size: small;\">Banco Experimental de Datos<\/span><\/div>\n<\/li>\n<\/ul>\n<\/td>\n<\/tr>\n<tr valign=\"top\">\n<td>\n<div class=\"box1\"><span style=\"font-size: small;\">Materiales para Cursos a Distancia<\/span><\/div>\n<\/td>\n<td>\n<ul>\n<li>\n<div><span style=\"font-size: small;\">M\u00e9todos de Laboratorio, Libro de Texto\u00a0y Disco Compacto memoria ROM<\/span><\/div>\n<\/li>\n<li>\n<div><span style=\"font-size: small;\">Materiales de la Biblioteca Virtual de Ling\u00fc\u00edstica<\/span><\/div>\n<\/li>\n<li>\n<div><span style=\"font-size: small;\">Anal\u00edtica<\/span><\/div>\n<\/li>\n<li>\n<div><span style=\"font-size: small;\">Curso de Introducci\u00f3n de Adquisici\u00f3n del Lenguaje<\/span><\/div>\n<\/li>\n<\/ul>\n<ul>\n<li>\n<div><span style=\"font-size: small;\">Cursos de Laboratorio en M\u00e9todos de\u00a0Investigaci\u00f3n.<\/span><\/div>\n<\/li>\n<\/ul>\n<\/td>\n<\/tr>\n<\/tbody>\n<\/table>\n<div id=\"members1\"><span style=\"font-size: small;\">\u00a0Los componentes del Laboratorio Virtual de Ling\u00fc\u00edstica (VLL por sus siglas en ingl\u00e9s)\u00a0 han sido desarrollados en el <a href=\"http:\/\/www.clal.cornell.edu\/index.php\">Laboratorio de Adquisici\u00f3n de Lenguaje de Cornell<\/a> durante casi 30 a\u00f1os de investigaci\u00f3n y ense\u00f1anza. Actualmente, los miembros del CLAL (el Laboratorio de Adquisici\u00f3n de Lenguaje de Cornell) y los miembros del VCLA (Centro Virtual de Adquisici\u00f3n del Lenguaje) est\u00e1n desarrollando continuamente este conjunto de recursos.<\/span><\/div>\n<div><span style=\"font-size: small;\"><br \/>\nLos miembros del Laboratorio Virtual de Ling\u00fc\u00edstica incluyen todos los miembros del Centro Virtual de Adquisici\u00f3n del Lenguaje.<\/span><\/div>\n<div class=\"top\"><span style=\"font-size: small;\"><a href=\"#top\">top<\/a><\/span><\/div>\n<p>&nbsp;<\/p>\n<p>&nbsp;<\/p>\n<p>&nbsp;<\/p>\n<div id=\"members2\">\n<p><span style=\"font-size: small;\"><a name=\"tm\"><\/a><\/span><\/p>\n<p><span style=\"font-size: small;\"><strong>Materiales de Ense\u00f1anza del Laboratorio Virtual de Ling\u00fc\u00edstica<\/strong><\/span><\/p>\n<p><span style=\"font-size: small;\">[ En construcci\u00f3n ]<\/span><\/p>\n<\/div>\n<div id=\"members3\">\n<p><span style=\"font-size: small;\"><a name=\"rm\"><\/a><\/span><\/p>\n<p><span style=\"font-size: small;\"><strong>Materiales de Investigaci\u00f3n del Laboratorio Virtual de Ling\u00fc\u00edstica<\/strong><\/span><\/p>\n<p><span style=\"font-size: small;\">[ En construcci\u00f3n ]<\/span><\/p>\n<\/div>\n<div id=\"members4\">\n<p><span style=\"font-size: small;\"><a name=\"l\"><\/a><\/span><\/p>\n<p><span style=\"font-size: small;\"><strong>Lenguas del Laboratorio Virtual de Ling\u00fc\u00edstica<\/strong><\/span><\/p>\n<table class=\"vlltable\" style=\"width: 500px;\" border=\"0\" cellspacing=\"0\" cellpadding=\"5\" align=\"center\">\n<tbody>\n<tr valign=\"top\">\n<td width=\"250\"><span style=\"font-size: small;\"><strong>Base de Datos Interling\u00fc\u00edsticos del CLAL<\/strong><\/span><\/p>\n<p>&nbsp;<\/p>\n<ul style=\"font-size: 19px;\">\n<li><span style=\"font-size: small;\">\u00e1rabe\u00a0<\/span><\/li>\n<li><span style=\"font-size: small;\">vasco\u00a0<\/span><\/li>\n<li><span style=\"font-size: small;\"><a href=\"..\/sites\/all\/themes\/vclatheme\/images\/inter_chinese.pdf\">chino<\/a><\/span><span style=\"font-size: small;\">\u00a0<\/span><\/li>\n<li><span style=\"font-size: small;\">holand\u00e9s\u00a0<\/span><\/li>\n<li><span style=\"font-size: small;\">ingl\u00e9s\u00a0<\/span><\/li>\n<li><span style=\"font-size: small;\"><a href=\"..\/sites\/all\/themes\/vclatheme\/images\/inter_french.pdf\">franc\u00e9s<\/a><\/span><span style=\"font-size: small;\">\u00a0<\/span><\/li>\n<li><span style=\"font-size: small;\">alem\u00e1n\u00a0<\/span><\/li>\n<li><span style=\"font-size: small;\">hebreo\u00a0<\/span><\/li>\n<li><span style=\"font-size: small;\">hind\u00fa\u00a0<\/span><\/li>\n<li><span style=\"font-size: small;\">inuktitut<\/span><\/li>\n<li><span style=\"font-size: small;\">japon\u00e9s<br \/>\n<\/span><\/li>\n<\/ul>\n<p>&nbsp;<\/td>\n<td width=\"250\"><span style=\"font-size: small;\">\u00a0 <\/span><\/p>\n<p>&nbsp;<\/p>\n<p>&nbsp;<\/p>\n<p><span style=\"font-size: x-small;\">\u00a0<\/span><\/p>\n<ul>\n<li><span style=\"line-height: 25px; font-size: small;\">javan\u00e9s<\/span><\/li>\n<li><span style=\"line-height: 19px; font-size: small;\"><a href=\"..\/sites\/all\/themes\/vclatheme\/images\/inter_korean.pdf\">coreano<\/a><\/span><\/li>\n<li><span style=\"line-height: 25px; font-size: small;\">kazajo<\/span><\/li>\n<li><span style=\"line-height: 19px; font-size: small;\">malayo<\/span><\/li>\n<li><span style=\"line-height: 19px; font-size: small;\">singal\u00e9s<\/span><\/li>\n<li><span style=\"line-height: 19px; font-size: small;\">quechua<\/span><\/li>\n<li><span style=\"line-height: 25px; font-size: small;\"><a href=\"..\/sites\/all\/themes\/vclatheme\/images\/inter_spanish.pdf\">espa\u00f1ol<\/a><\/span><\/li>\n<li><span style=\"line-height: 19px; font-size: small;\">sueco<\/span><\/li>\n<li><span style=\"line-height: 19px; font-size: small;\">taiwan\u00e9s<\/span><\/li>\n<li><span style=\"line-height: 19px; font-size: small;\">tulu<\/span><\/li>\n<li style=\"font-size: 14px;\"><span style=\"line-height: 25px; font-size: small;\">ruso<\/span><\/li>\n<li style=\"font-size: 14px;\"><span style=\"line-height: 25px; font-size: small;\">tamil<\/span><\/li>\n<\/ul>\n<p>&nbsp;<\/p>\n<p>&nbsp;<\/p>\n<p>&nbsp;<\/td>\n<\/tr>\n<\/tbody>\n<\/table>\n<\/div>\n","protected":false},"excerpt":{"rendered":"<p>&nbsp; Introducci\u00f3n al Laboratorio Virtual de Ling\u00fc\u00edstica \u00a0El Laboratorio Virtual de Ling\u00fc\u00edstica est\u00e1 formado por un grupo de materiales y herramientas para el estudio de la adquisici\u00f3n del lenguaje y un conjunto de datos compartidos interling\u00fc\u00edsticos. Estos recursos proporcionan los fundamentos para la investigaci\u00f3n en el \u00e1rea de la investigaci\u00f3n de la adquisici\u00f3n de lenguaje [&hellip;]<\/p>\n","protected":false},"author":3,"featured_media":0,"parent":0,"menu_order":0,"comment_status":"closed","ping_status":"closed","template":"","meta":[],"translation":{"provider":"WPGlobus","version":"2.5.23","language":"es","enabled_languages":["en","es"],"languages":{"en":{"title":true,"content":true,"excerpt":false},"es":{"title":true,"content":true,"excerpt":false}}},"_links":{"self":[{"href":"https:\/\/testvcla.cac.cornell.edu\/es\/wp-json\/wp\/v2\/pages\/41"}],"collection":[{"href":"https:\/\/testvcla.cac.cornell.edu\/es\/wp-json\/wp\/v2\/pages"}],"about":[{"href":"https:\/\/testvcla.cac.cornell.edu\/es\/wp-json\/wp\/v2\/types\/page"}],"author":[{"embeddable":true,"href":"https:\/\/testvcla.cac.cornell.edu\/es\/wp-json\/wp\/v2\/users\/3"}],"replies":[{"embeddable":true,"href":"https:\/\/testvcla.cac.cornell.edu\/es\/wp-json\/wp\/v2\/comments?post=41"}],"version-history":[{"count":8,"href":"https:\/\/testvcla.cac.cornell.edu\/es\/wp-json\/wp\/v2\/pages\/41\/revisions"}],"predecessor-version":[{"id":819,"href":"https:\/\/testvcla.cac.cornell.edu\/es\/wp-json\/wp\/v2\/pages\/41\/revisions\/819"}],"wp:attachment":[{"href":"https:\/\/testvcla.cac.cornell.edu\/es\/wp-json\/wp\/v2\/media?parent=41"}],"curies":[{"name":"wp","href":"https:\/\/api.w.org\/{rel}","templated":true}]}}