{"id":39,"date":"2020-12-05T00:23:16","date_gmt":"2020-12-05T00:23:16","guid":{"rendered":"https:\/\/testvcla.cac.cornell.edu\/?page_id=39"},"modified":"2020-12-22T20:47:31","modified_gmt":"2020-12-22T20:47:31","slug":"ongoing-activities","status":"publish","type":"page","link":"https:\/\/testvcla.cac.cornell.edu\/es\/ongoing-activities\/","title":{"rendered":"Actividades en Curso"},"content":{"rendered":"<p><strong>Actividades en Curso<\/strong><\/p>\n<p>1. El Centro Virtual de Adquisici\u00f3n del Lenguaje (VCLA) ha creado una comunidad internacional de investigadores comprometidos al estudio\u00a0 colaborativo interdisciplinario e interling\u00fc\u00edstico y la ense\u00f1anza en el \u00e1rea de la adquisici\u00f3n del lenguaje. Se han utilizado video-teleconferencias en estas primeras etapas para iniciar y desarrollar el planeamiento de los principios, m\u00e9todos y metas del VCLA (Centro Virtual de Adquisici\u00f3n del Lenguaje).<\/p>\n<p>2. Los miembros del Centro Virtual de Adquisici\u00f3n del Lenguaje han construido el Laboratorio Virtual de Ling\u00fc\u00edstica, (VLL por sus siglas en ingl\u00e9s), el cual proporciona los materiales necesarios para la investigaci\u00f3n y ense\u00f1anza\u00a0 colaborativas en la dimensi\u00f3n de la ciberinfraestructura (CI). El Laboratorio Virtual de Ling\u00fc\u00edstica (VLL)\u00a0 incluye Manuales para las mejores pr\u00e1cticas de recolecci\u00f3n, transcripci\u00f3n y an\u00e1lisis de datos de lenguaje. Los m\u00f3dulos de ense\u00f1anza involucran contactos interactivos apoyados en la Web, los cuales gu\u00edan el aprendizaje de diversas metodolog\u00edas en el \u00e1rea de la adquisici\u00f3n del lenguaje, grupos de demostraci\u00f3n audio-visual y bases de datos del lenguaje compartidas.<\/p>\n<p>3. Los miembros del Centro Virtual de Adquisici\u00f3n del Lenguaje (VCLA) utilizan\u00a0 conferencias en la web para realizar un curso\u00a0 que es distribuido desde m\u00faltiples sitios en donde los materiales del Laboratorio Virtual de Ling\u00fc\u00edstica\u00a0 son ense\u00f1ados a distintos sitios universitarios colaborativos. La Fundaci\u00f3n Nacional de la Ciencia (NSF por sus siglas en ingl\u00e9s), ha proporcionado soporte inicial para este curso multi-sitio y los materiales que son basados en la ciberinfraestructura, as\u00ed como los m\u00e9todos que se utilizan a trav\u00e9s de su programa\u00a0 CITEAM. El Entorno del Aprendizaje Virtual de este curso proporciona fundamentos metodol\u00f3gicos avanzados para el Entorno de Investigaci\u00f3n Virtual (VRE) el cual busca el Centro Virtual de Adquisici\u00f3n del Lenguaje.\u00a0\u00a0 Cornell, UTEP, Rutgers y MIT han participado en la primera aplicaci\u00f3n de esta nueva estructura de curso multi-sitio.<\/p>\n<p>4. Los miembros del Centro Virtual de Adquisici\u00f3n del Lenguaje (VCLA\u00a0 est\u00e1n creando una nueva infraestructura que conecta los laboratorios de investigaci\u00f3n con las Bibliotecas de las universidades y conecta estas mismas con las\u00a0 Bibliotecas de las otras universidades, para as\u00ed proveer almacenamiento calibrado, diseminaci\u00f3n y acceso a materiales digitales compartidos y datos. Una beca peque\u00f1a para Investigaci\u00f3n Exploratoria ha sido concedida por el programa de Integraci\u00f3n de la Ciencia e Ingenier\u00eda de la Informaci\u00f3n\u00a0 y del Programa de Inform\u00e1tica de la Fundaci\u00f3n Nacional de la Ciencia (NSF), permitiendo a la directora de la Biblioteca Albert R. Mann, Janet McCue y su personal, \u00a0y a la profesora B\u00e1rbara Lust\u00a0 explorar esta infraestructura. Suzanne Flynn, investigadora del Instituto de Tecnolog\u00eda en Massachusetts\u00a0 (MIT) y la bibliotecaria del mismo instituto, Theresa Tobin est\u00e1n explorando la conexi\u00f3n entre varias universidades.<\/p>\n","protected":false},"excerpt":{"rendered":"<p>Actividades en Curso 1. El Centro Virtual de Adquisici\u00f3n del Lenguaje (VCLA) ha creado una comunidad internacional de investigadores comprometidos al estudio\u00a0 colaborativo interdisciplinario e interling\u00fc\u00edstico y la ense\u00f1anza en el \u00e1rea de la adquisici\u00f3n del lenguaje. Se han utilizado video-teleconferencias en estas primeras etapas para iniciar y desarrollar el planeamiento de los principios, m\u00e9todos [&hellip;]<\/p>\n","protected":false},"author":3,"featured_media":0,"parent":0,"menu_order":0,"comment_status":"closed","ping_status":"closed","template":"","meta":[],"translation":{"provider":"WPGlobus","version":"2.5.23","language":"es","enabled_languages":["en","es"],"languages":{"en":{"title":true,"content":true,"excerpt":false},"es":{"title":true,"content":true,"excerpt":false}}},"_links":{"self":[{"href":"https:\/\/testvcla.cac.cornell.edu\/es\/wp-json\/wp\/v2\/pages\/39"}],"collection":[{"href":"https:\/\/testvcla.cac.cornell.edu\/es\/wp-json\/wp\/v2\/pages"}],"about":[{"href":"https:\/\/testvcla.cac.cornell.edu\/es\/wp-json\/wp\/v2\/types\/page"}],"author":[{"embeddable":true,"href":"https:\/\/testvcla.cac.cornell.edu\/es\/wp-json\/wp\/v2\/users\/3"}],"replies":[{"embeddable":true,"href":"https:\/\/testvcla.cac.cornell.edu\/es\/wp-json\/wp\/v2\/comments?post=39"}],"version-history":[{"count":6,"href":"https:\/\/testvcla.cac.cornell.edu\/es\/wp-json\/wp\/v2\/pages\/39\/revisions"}],"predecessor-version":[{"id":427,"href":"https:\/\/testvcla.cac.cornell.edu\/es\/wp-json\/wp\/v2\/pages\/39\/revisions\/427"}],"wp:attachment":[{"href":"https:\/\/testvcla.cac.cornell.edu\/es\/wp-json\/wp\/v2\/media?parent=39"}],"curies":[{"name":"wp","href":"https:\/\/api.w.org\/{rel}","templated":true}]}}