{"id":35,"date":"2020-12-05T00:22:43","date_gmt":"2020-12-05T00:22:43","guid":{"rendered":"https:\/\/testvcla.cac.cornell.edu\/?page_id=35"},"modified":"2020-12-12T23:43:34","modified_gmt":"2020-12-12T23:43:34","slug":"advisory-board","status":"publish","type":"page","link":"https:\/\/testvcla.cac.cornell.edu\/es\/advisory-board\/","title":{"rendered":"Advisoorrt"},"content":{"rendered":"<p><strong><em>Advisory Board<\/em><\/strong><\/p>\n<p><strong>\u00a0<\/strong><em>\u00a0A Multidisciplinary Advisory Board has been established for the VCLA:<br \/>\n<\/em><\/p>\n<ul>\n<li>Janet McCue, Director, Library Mann, Cornell University.<\/li>\n<li>Bernard Comrie, Linguistics Section Director,\u00a0 Max Planck Institute for Evolutionary Anthropology, Leipzig, Germany.<\/li>\n<li>Michael Posner, Sackler Institute for Developmental Psychobiology, Weill Medical College, NY City.<\/li>\n<li>Virginia Valian, Developmental Psychology Professor, CUNY Graduate Center, NY City.<\/li>\n<li>Tina Ogden, Consultant Group Odgen, Greenwich, Connecticut.<\/li>\n<\/ul>\n<p><strong>Founding Members of the Virtual Center of Language Acquisition.<br \/>\n<\/strong><\/p>\n<ul>\n<li>Suzanne Flynn, MIT.<\/li>\n<li>Claire Foley, Boston College.<\/li>\n<li>Jennifer Austin, Rutgers University.<\/li>\n<li>Liliana Sanchez, Rutgers University.<\/li>\n<li>Usha Lakshmanan, Southern Illinois University.<\/li>\n<li>Yu-Chin Chien, California State University, San Bernardino.<\/li>\n<li>Claire Cardie, Computer Science, Cornell University.<\/li>\n<li>James Gair, Linguistics Department, Cornell University.<\/li>\n<li>Barbara Lust, Cornell University.<\/li>\n<li>Qi Wang, Cornell University.<\/li>\n<li>Elise Temple, Cornell University.<\/li>\n<li>Marianella Casasola, Cornell University.<\/li>\n<li>Mar\u00eda Blume, University of Texas at El Paso.<\/li>\n<\/ul>\n<p><strong>Affiliates<\/strong><\/p>\n<ul>\n<li>Gita Martohardjono, CUNY Graduate Center.<\/li>\n<li>A. Usha Rani, Osmania University.<\/li>\n<li>Sujin Yang, Tyndale College and Seminary.<\/li>\n<li>Joy Hirsch, Columbia University, New York.<\/li>\n<li>Sarah Callahan, University of California at San Diego.<\/li>\n<li>Ellen Courtney, University of Texas at El Paso.<\/li>\n<li>Valerie Shafer, CUNY Graduate Center.<\/li>\n<li>R. Amritavalli, Central Institute of English and Foreign Language.<\/li>\n<li>Jorge Iv\u00e1n P\u00e9rez Silva, Pontificia Universidad Cat\u00f3lica del Per\u00fa.<\/li>\n<li>Alfredo Urz\u00faa, University of Texas at El Paso.<\/li>\n<li>Kwee Ock Lee, Kyungsung University.<\/li>\n<li>Yarden Kedar,\u00a0 Ben -Gurion University of Negeb, Israel.<\/li>\n<\/ul>\n","protected":false},"excerpt":{"rendered":"<p>Advisory Board \u00a0\u00a0A Multidisciplinary Advisory Board has been established for the VCLA: Janet McCue, Director, Library Mann, Cornell University. Bernard Comrie, Linguistics Section Director,\u00a0 Max Planck Institute for Evolutionary Anthropology, Leipzig, Germany. Michael Posner, Sackler Institute for Developmental Psychobiology, Weill Medical College, NY City. Virginia Valian, Developmental Psychology Professor, CUNY Graduate Center, NY City. Tina [&hellip;]<\/p>\n","protected":false},"author":3,"featured_media":0,"parent":0,"menu_order":0,"comment_status":"closed","ping_status":"closed","template":"","meta":[],"translation":{"provider":"WPGlobus","version":"2.5.23","language":"es","enabled_languages":["en","es"],"languages":{"en":{"title":true,"content":true,"excerpt":false},"es":{"title":true,"content":false,"excerpt":false}}},"_links":{"self":[{"href":"https:\/\/testvcla.cac.cornell.edu\/es\/wp-json\/wp\/v2\/pages\/35"}],"collection":[{"href":"https:\/\/testvcla.cac.cornell.edu\/es\/wp-json\/wp\/v2\/pages"}],"about":[{"href":"https:\/\/testvcla.cac.cornell.edu\/es\/wp-json\/wp\/v2\/types\/page"}],"author":[{"embeddable":true,"href":"https:\/\/testvcla.cac.cornell.edu\/es\/wp-json\/wp\/v2\/users\/3"}],"replies":[{"embeddable":true,"href":"https:\/\/testvcla.cac.cornell.edu\/es\/wp-json\/wp\/v2\/comments?post=35"}],"version-history":[{"count":6,"href":"https:\/\/testvcla.cac.cornell.edu\/es\/wp-json\/wp\/v2\/pages\/35\/revisions"}],"predecessor-version":[{"id":822,"href":"https:\/\/testvcla.cac.cornell.edu\/es\/wp-json\/wp\/v2\/pages\/35\/revisions\/822"}],"wp:attachment":[{"href":"https:\/\/testvcla.cac.cornell.edu\/es\/wp-json\/wp\/v2\/media?parent=35"}],"curies":[{"name":"wp","href":"https:\/\/api.w.org\/{rel}","templated":true}]}}